{"id":16,"date":"2019-12-12T05:15:11","date_gmt":"2019-12-12T05:15:11","guid":{"rendered":"https:\/\/www.surgames.cl\/index.php\/blog\/"},"modified":"2025-11-06T20:04:57","modified_gmt":"2025-11-06T20:04:57","slug":"consideraciones","status":"publish","type":"page","link":"https:\/\/www.surgames.cl\/index.php\/consideraciones\/","title":{"rendered":"Consideraciones"},"content":{"rendered":"<div class=\"wpb-content-wrapper\"><p>[vc_row css=\u00bb.vc_custom_1762397391647{margin-top: 50px !important;margin-bottom: 50px !important;}\u00bb][vc_column][vc_column_text css=\u00bb\u00bb]1<strong>&#8211; El arriendo considera 4 horas desde la hora de inicio del evento<\/strong> (pueden ser 5 o 6 sin costo, dependiendo de la disponibilidad y el horario, todo previo acuerdo), en caso de que no haya disponibilidad y se soliciten m\u00e1s horas se cobrar\u00e1 un 25% m\u00e1s por cada hora extra).<\/p>\n<p>2- La instalaci\u00f3n se realiza entre <strong>45 y 90 minutos antes<\/strong> del evento.<\/p>\n<p>3- El transporte es independiente de la cantidad de juegos que desee arrendar y tiene un <strong>valor m\u00ednimo<\/strong> de 7.000 (ida y retiro incluidos).<\/p>\n<p>4- Solo eventos privados y dentro del recinto propiedad del cliente, de <strong>no mas de 35-40 personas<\/strong>, para eventos corporativos o mas grandes no se aplican descuentos y se sugiere contratar un monitor(cotizar horas y sector)<\/p>\n<p>5- Es de responsabilidad del cliente <strong>hacer buen uso de los juegos<\/strong> (evitar el ingreso con zapatillas,comidas,animales ,no superar su capacidad, etc) as\u00ed mismo <strong>cualquier da\u00f1o mayor<\/strong> (que impida su utilizaci\u00f3n o deteriore de gran manera un juego) ocasionado por un mal uso debe ser reparado y\/o costeado por el cliente (esto no incluye desgastes previos por uso o da\u00f1os menores)<\/p>\n<p>6- Se solicita un <strong>abono del 20% del total<\/strong> para hacer efectiva la reserva, tiene hasta 5 di\u00e1s antes del evento en caso de que cancelar el arriendo para poder recuperar el abono. Solo en caso de probabilidad de lluvia se puede esperar hasta 72 horas antes del evento para tomar una decisi\u00f3n en conjunto con el cliente.<\/p>\n<p>7- <strong>Los descuentos no son acumulables<\/strong>, d\u00edas festivos no consideran descuento de \u201cd\u00eda de semana\u201d.<\/p>\n<p>8- <strong>En caso de arrendar por m\u00e1s de un d\u00eda, cada d\u00eda extra tiene un descuento del 50% del valor a cada juego.<\/strong> (con la condici\u00f3n de que el juego quede instalado en el lugar hasta el d\u00eda de retiro), valido para eventos peque\u00f1os.<\/p>\n<p>9- <strong>La electricidad que alimenta los juegos debe ser prove\u00edda por el cliente<\/strong>, notificar en caso de que la toma de corriente se encuentre <strong>a mas de 25 metros<\/strong> del lugar en el que se desea instalar el o los juegos.<\/p>\n<p>10- <strong>Los juegos no incluyen monitores<\/strong> (cuidadores) dicho servicio tiene un costo a parte dependiendo del tiempo y sector.<\/p>\n<p>11- <strong>Los juegos inflables deben ser instalados en en lugares planos<\/strong> o con muy poca pendiente, aptos para su uso, no ripio es necesario considerar que <strong>en exterior debemos colocar estacas<\/strong> y en algunos casos tirantes, asi mismo no nos hacemos responsables de la rotura de alguna tuber\u00eda o ducto dado que la ubicaci\u00f3n del juego es entregada por el cliente.<\/p>\n<p>12- Considerar que <strong>son juegos pesados<\/strong>, en el caso de las mesas requieren puertas y pasillos medianamente amplios para poder pasar<strong>, as\u00ed mismo los inflables medianos y grandes deben tener un buen acceso al lugar,<\/strong> solo se suben escaleras con inflables peque\u00f1os y piscina de pelotas. <strong>Tampoco podemos quedar mal estacionados <\/strong>(en relaci\u00f3n a la calle o avenidas, para no poner en riesgo al personal o alg\u00fan tipo de multa)<\/p>\n<p>13- <strong>Los valores no incluyen iva<\/strong>, se entrega boleta o factura en caso de que sea solicitada.<\/p>\n<p>14- <strong>Considerar un margen mayor a las medidas de los juegos en el lugar de instalaci\u00f3n<\/strong>, en caso de duda consultar.<\/p>\n<p>15- \u00a0En caso de corte de luz masivo (en el sector por ejemplo) durante el horario de uso de los juegos, si es durante la primera hora se puede devolver un 50% del total, si es durante la segunda hora se puede devolver un 35%, y si es en la tercera un 15% del valor de los juegos, a modo de compensaci\u00f3n.[\/vc_column_text][\/vc_column][\/vc_row]<\/p>\n<\/div>","protected":false},"excerpt":{"rendered":"<p>[vc_row css=\u00bb.vc_custom_1762397391647{margin-top: 50px !important;margin-bottom: 50px !important;}\u00bb][vc_column][vc_column_text css=\u00bb\u00bb]1&#8211; El arriendo considera 4 horas desde la hora de inicio del evento (pueden ser 5 o 6 sin costo, dependiendo de la disponibilidad y el horario, todo previo acuerdo), en caso de que no haya disponibilidad y se soliciten m\u00e1s horas se cobrar\u00e1 un 25% m\u00e1s por cada&hellip;<\/p>\n","protected":false},"author":1,"featured_media":0,"parent":0,"menu_order":25,"comment_status":"closed","ping_status":"closed","template":"","meta":{"footnotes":""},"class_list":["post-16","page","type-page","status-publish","hentry","description-off"],"_links":{"self":[{"href":"https:\/\/www.surgames.cl\/index.php\/wp-json\/wp\/v2\/pages\/16","targetHints":{"allow":["GET"]}}],"collection":[{"href":"https:\/\/www.surgames.cl\/index.php\/wp-json\/wp\/v2\/pages"}],"about":[{"href":"https:\/\/www.surgames.cl\/index.php\/wp-json\/wp\/v2\/types\/page"}],"author":[{"embeddable":true,"href":"https:\/\/www.surgames.cl\/index.php\/wp-json\/wp\/v2\/users\/1"}],"replies":[{"embeddable":true,"href":"https:\/\/www.surgames.cl\/index.php\/wp-json\/wp\/v2\/comments?post=16"}],"version-history":[{"count":3,"href":"https:\/\/www.surgames.cl\/index.php\/wp-json\/wp\/v2\/pages\/16\/revisions"}],"predecessor-version":[{"id":3216,"href":"https:\/\/www.surgames.cl\/index.php\/wp-json\/wp\/v2\/pages\/16\/revisions\/3216"}],"wp:attachment":[{"href":"https:\/\/www.surgames.cl\/index.php\/wp-json\/wp\/v2\/media?parent=16"}],"curies":[{"name":"wp","href":"https:\/\/api.w.org\/{rel}","templated":true}]}}