{"id":90,"date":"2019-12-14T13:22:00","date_gmt":"2019-12-14T13:22:00","guid":{"rendered":"https:\/\/www.surgames.cl\/index.php\/services\/services-list-with-normal-images\/"},"modified":"2025-11-14T14:17:41","modified_gmt":"2025-11-14T14:17:41","slug":"servicios","status":"publish","type":"page","link":"https:\/\/www.surgames.cl\/index.php\/servicios\/","title":{"rendered":"Servicios"},"content":{"rendered":"<div class=\"wpb-content-wrapper\"><p>[vc_row equal_height=\u00bbyes\u00bb content_placement=\u00bbmiddle\u00bb css=\u00bb.vc_custom_1580036981639{padding-top: 80px !important;padding-bottom: 50px !important;}\u00bb][vc_column offset=\u00bbvc_col-lg-6 vc_col-md-6 vc_col-xs-12&#8243; css=\u00bb.vc_custom_1762379840679{padding-bottom: 30px !important;}\u00bb]<style type=\"text\/css\" data-type=\"the7_shortcodes-inline-css\">.shortcode-single-image-wrap.shortcode-single-image-27802f6ebea952464e8db633c198890a.enable-bg-rollover .rollover i,\n.shortcode-single-image-wrap.shortcode-single-image-27802f6ebea952464e8db633c198890a.enable-bg-rollover .rollover-video i {\n  background: -webkit-linear-gradient();\n  background: linear-gradient();\n}\n.shortcode-single-image-wrap.shortcode-single-image-27802f6ebea952464e8db633c198890a .rollover-icon {\n  font-size: 32px;\n  color: #ffffff;\n  min-width: 44px;\n  min-height: 44px;\n  line-height: 44px;\n  border-radius: 100px;\n  border-style: solid;\n  border-width: 0px;\n}\n.dt-icon-bg-on.shortcode-single-image-wrap.shortcode-single-image-27802f6ebea952464e8db633c198890a .rollover-icon {\n  background: rgba(255,255,255,0.3);\n  box-shadow: none;\n}<\/style><div class=\"shortcode-single-image-wrap shortcode-single-image-27802f6ebea952464e8db633c198890a alignnone  enable-bg-rollover dt-icon-bg-off\" style=\"margin-top:0px; margin-bottom:0px; margin-left:0px; margin-right:0px; width:1200px;\"><div class=\"shortcode-single-image\"><div class=\"fancy-media-wrap  layzr-bg\" style=\"\"><img fetchpriority=\"high\" decoding=\"async\" class=\"preload-me lazy-load aspect\" src=\"data:image\/svg+xml,%3Csvg%20xmlns%3D&#39;http%3A%2F%2Fwww.w3.org%2F2000%2Fsvg&#39;%20viewBox%3D&#39;0%200%201200%20900&#39;%2F%3E\" data-src=\"https:\/\/www.surgames.cl\/wp-content\/uploads\/2025\/11\/juegos-inflables-scaled-1200x900.jpg\" data-srcset=\"https:\/\/www.surgames.cl\/wp-content\/uploads\/2025\/11\/juegos-inflables-scaled-1200x900.jpg 1200w, https:\/\/www.surgames.cl\/wp-content\/uploads\/2025\/11\/juegos-inflables-scaled-2400x1800.jpg 2400w\" loading=\"eager\" sizes=\"(max-width: 1200px) 100vw, 1200px\" width=\"1200\" height=\"900\"  data-dt-location=\"https:\/\/www.surgames.cl\/index.php\/servicios\/juegos-inflables\/\" style=\"--ratio: 1200 \/ 900;\" alt=\"\" \/><\/div><\/div><\/div>[\/vc_column][vc_column offset=\u00bbvc_col-lg-6 vc_col-md-6 vc_col-xs-12&#8243; css=\u00bb.vc_custom_1580036724999{padding-bottom: 30px !important;}\u00bb]<div id=\"ultimate-heading-278769fa48db60fe0\" class=\"uvc-heading ult-adjust-bottom-margin ultimate-heading-278769fa48db60fe0 uvc-3429 accent-border-color\" data-hspacer=\"line_only\"  data-halign=\"left\" style=\"text-align:left\"><div class=\"uvc-main-heading ult-responsive\"  data-ultimate-target='.uvc-heading.ultimate-heading-278769fa48db60fe0 h2'  data-responsive-json-new='{\"font-size\":\"mobile_landscape:24px;\",\"line-height\":\"mobile_landscape:34px;\"}' ><h2 style=\"--font-weight:theme;margin-bottom:15px;\">Juegos inflables<\/h2><\/div><div class=\"uvc-heading-spacer line_only\" style=\"margin-bottom:30px;height:3px;\"><span class=\"uvc-headings-line\" style=\"border-style:solid;border-bottom-width:3px;border-color:;width:150px;\"><\/span><\/div><\/div>[vc_column_text css=\u00bb.vc_custom_1762377943944{padding-bottom: 20px !important;}\u00bb]Contamos con un cat\u00e1logo de 6 juegos inflables que se adaptan a todo tipo de eventos y edades, desde los m\u00e1s peque\u00f1os hasta los m\u00e1s aventureros. Disponemos de modelos que van desde tama\u00f1os compactos para espacios reducidos, hasta grandes estructuras llenas de desaf\u00edos y entretenimiento. Todos nuestros inflables se entregan en \u00f3ptimas condiciones, instalados por personal capacitado y con estrictos protocolos de seguridad e higiene para asegurar una experiencia segura, divertida y memorable en cada celebraci\u00f3n.[\/vc_column_text]<style type=\"text\/css\" data-type=\"the7_shortcodes-inline-css\">#default-btn-0405262c5a68e5fe74133070ea76fb49.ico-right-side > i {\n  margin-right: 0px;\n  margin-left: 5px;\n}\n#default-btn-0405262c5a68e5fe74133070ea76fb49 > i {\n  margin-right: 5px;\n}<\/style><a href=\"https:\/\/www.surgames.cl\/wp-content\/uploads\/2025\/11\/Surgames-Catalogo-Arriendo-de-juegos-2025-2026.pdf-1.pdf\" class=\"default-btn-shortcode dt-btn dt-btn-s link-hover-off ico-right-side btn-inline-left \" target=\"_blank\" id=\"default-btn-0405262c5a68e5fe74133070ea76fb49\" title=\"Service \u2013 single page\" rel=\"noopener\"><span>Ver Cat\u00e1logo<\/span><i class=\"icomoon-the7-font-the7-arrow-09\"><\/i><\/a>[\/vc_column][\/vc_row][vc_row equal_height=\u00bbyes\u00bb content_placement=\u00bbmiddle\u00bb css=\u00bb.vc_custom_1580036899711{padding-bottom: 50px !important;}\u00bb][vc_column offset=\u00bbvc_col-lg-6 vc_col-md-6 vc_col-xs-12&#8243; css=\u00bb.vc_custom_1578766090415{padding-bottom: 30px !important;}\u00bb]<style type=\"text\/css\" data-type=\"the7_shortcodes-inline-css\">.shortcode-single-image-wrap.shortcode-single-image-3dab02bb9710901547d4815b3af267f9.enable-bg-rollover .rollover i,\n.shortcode-single-image-wrap.shortcode-single-image-3dab02bb9710901547d4815b3af267f9.enable-bg-rollover .rollover-video i {\n  background: -webkit-linear-gradient();\n  background: linear-gradient();\n}\n.shortcode-single-image-wrap.shortcode-single-image-3dab02bb9710901547d4815b3af267f9 .rollover-icon {\n  font-size: 32px;\n  color: #ffffff;\n  min-width: 44px;\n  min-height: 44px;\n  line-height: 44px;\n  border-radius: 100px;\n  border-style: solid;\n  border-width: 0px;\n}\n.dt-icon-bg-on.shortcode-single-image-wrap.shortcode-single-image-3dab02bb9710901547d4815b3af267f9 .rollover-icon {\n  background: rgba(255,255,255,0.3);\n  box-shadow: none;\n}<\/style><div class=\"shortcode-single-image-wrap shortcode-single-image-3dab02bb9710901547d4815b3af267f9 alignnone  enable-bg-rollover dt-icon-bg-off\" style=\"margin-top:0px; margin-bottom:0px; margin-left:0px; margin-right:0px; width:1200px;\"><div class=\"shortcode-single-image\"><div class=\"fancy-media-wrap  layzr-bg\" style=\"\"><img decoding=\"async\" class=\"preload-me lazy-load aspect\" src=\"data:image\/svg+xml,%3Csvg%20xmlns%3D&#39;http%3A%2F%2Fwww.w3.org%2F2000%2Fsvg&#39;%20viewBox%3D&#39;0%200%201200%20900&#39;%2F%3E\" data-src=\"https:\/\/www.surgames.cl\/wp-content\/uploads\/2025\/11\/piscina-de-pelotas-3-scaled-1200x900.jpg\" data-srcset=\"https:\/\/www.surgames.cl\/wp-content\/uploads\/2025\/11\/piscina-de-pelotas-3-scaled-1200x900.jpg 1200w, https:\/\/www.surgames.cl\/wp-content\/uploads\/2025\/11\/piscina-de-pelotas-3-scaled-1920x1440.jpg 1920w\" loading=\"eager\" sizes=\"(max-width: 1200px) 100vw, 1200px\" width=\"1200\" height=\"900\"  data-dt-location=\"https:\/\/www.surgames.cl\/index.php\/servicios\/piscina-de-pelotas-3\/\" style=\"--ratio: 1200 \/ 900;\" alt=\"\" \/><\/div><\/div><\/div>[\/vc_column][vc_column offset=\u00bbvc_col-lg-6 vc_col-md-6 vc_col-xs-12&#8243; css=\u00bb.vc_custom_1580036847140{padding-bottom: 30px !important;}\u00bb]<div id=\"ultimate-heading-840569fa48db613ab\" class=\"uvc-heading ult-adjust-bottom-margin ultimate-heading-840569fa48db613ab uvc-5594 accent-border-color\" data-hspacer=\"line_only\"  data-halign=\"left\" style=\"text-align:left\"><div class=\"uvc-main-heading ult-responsive\"  data-ultimate-target='.uvc-heading.ultimate-heading-840569fa48db613ab h2'  data-responsive-json-new='{\"font-size\":\"mobile_landscape:24px;\",\"line-height\":\"mobile_landscape:34px;\"}' ><h2 style=\"font-weight:bold;margin-bottom:15px;\">Plazas blandas<\/h2><\/div><div class=\"uvc-heading-spacer line_only\" style=\"margin-bottom:30px;height:3px;\"><span class=\"uvc-headings-line\" style=\"border-style:solid;border-bottom-width:3px;border-color:;width:150px;\"><\/span><\/div><\/div>[vc_column_text css=\u00bb.vc_custom_1762378179501{padding-bottom: 20px !important;}\u00bb]Nuestra piscina de pelotas es la opci\u00f3n perfecta para los m\u00e1s peque\u00f1os, brindando un espacio seguro, c\u00f3modo y lleno de diversi\u00f3n. Dise\u00f1ada con materiales acolchados y colores llamativos, permite que ni\u00f1os y ni\u00f1as disfruten en un entorno suave y protegido, ideal para cumplea\u00f1os, eventos familiares y actividades infantiles. Instalaci\u00f3n segura y supervisi\u00f3n recomendada para una experiencia tranquila y entretenida.[\/vc_column_text]<style type=\"text\/css\" data-type=\"the7_shortcodes-inline-css\">#default-btn-0405262c5a68e5fe74133070ea76fb49.ico-right-side > i {\n  margin-right: 0px;\n  margin-left: 5px;\n}\n#default-btn-0405262c5a68e5fe74133070ea76fb49 > i {\n  margin-right: 5px;\n}<\/style><a href=\"https:\/\/www.surgames.cl\/wp-content\/uploads\/2025\/11\/Surgames-Catalogo-Arriendo-de-juegos-2025-2026.pdf-1.pdf\" class=\"default-btn-shortcode dt-btn dt-btn-s link-hover-off ico-right-side btn-inline-left \" target=\"_blank\" id=\"default-btn-0405262c5a68e5fe74133070ea76fb49\" title=\"Service \u2013 single page\" rel=\"noopener\"><span>Ver Cat\u00e1logo<\/span><i class=\"icomoon-the7-font-the7-arrow-09\"><\/i><\/a>[\/vc_column][\/vc_row][vc_row equal_height=\u00bbyes\u00bb content_placement=\u00bbmiddle\u00bb css=\u00bb.vc_custom_1580036903613{padding-bottom: 50px !important;}\u00bb][vc_column offset=\u00bbvc_col-lg-6 vc_col-md-6 vc_col-xs-12&#8243; css=\u00bb.vc_custom_1580036916211{padding-bottom: 30px !important;}\u00bb]<style type=\"text\/css\" data-type=\"the7_shortcodes-inline-css\">.shortcode-single-image-wrap.shortcode-single-image-e998f4f7ed4b0ee0ed5dba1d322761a6.enable-bg-rollover .rollover i,\n.shortcode-single-image-wrap.shortcode-single-image-e998f4f7ed4b0ee0ed5dba1d322761a6.enable-bg-rollover .rollover-video i {\n  background: -webkit-linear-gradient();\n  background: linear-gradient();\n}\n.shortcode-single-image-wrap.shortcode-single-image-e998f4f7ed4b0ee0ed5dba1d322761a6 .rollover-icon {\n  font-size: 32px;\n  color: #ffffff;\n  min-width: 44px;\n  min-height: 44px;\n  line-height: 44px;\n  border-radius: 100px;\n  border-style: solid;\n  border-width: 0px;\n}\n.dt-icon-bg-on.shortcode-single-image-wrap.shortcode-single-image-e998f4f7ed4b0ee0ed5dba1d322761a6 .rollover-icon {\n  background: rgba(255,255,255,0.3);\n  box-shadow: none;\n}<\/style><div class=\"shortcode-single-image-wrap shortcode-single-image-e998f4f7ed4b0ee0ed5dba1d322761a6 alignnone  enable-bg-rollover dt-icon-bg-off\" style=\"margin-top:0px; margin-bottom:0px; margin-left:0px; margin-right:0px; width:1200px;\"><div class=\"shortcode-single-image\"><div class=\"fancy-media-wrap  layzr-bg\" style=\"\"><img decoding=\"async\" class=\"preload-me lazy-load aspect\" src=\"data:image\/svg+xml,%3Csvg%20xmlns%3D&#39;http%3A%2F%2Fwww.w3.org%2F2000%2Fsvg&#39;%20viewBox%3D&#39;0%200%201200%20900&#39;%2F%3E\" data-src=\"https:\/\/www.surgames.cl\/wp-content\/uploads\/2025\/11\/juegos-juntos-2-scaled-1200x900.jpg\" data-srcset=\"https:\/\/www.surgames.cl\/wp-content\/uploads\/2025\/11\/juegos-juntos-2-scaled-1200x900.jpg 1200w, https:\/\/www.surgames.cl\/wp-content\/uploads\/2025\/11\/juegos-juntos-2-scaled-2400x1800.jpg 2400w\" loading=\"eager\" sizes=\"(max-width: 1200px) 100vw, 1200px\" width=\"1200\" height=\"900\"  data-dt-location=\"https:\/\/www.surgames.cl\/index.php\/servicios\/juegos-juntos-2\/\" style=\"--ratio: 1200 \/ 900;\" alt=\"\" \/><\/div><\/div><\/div>[\/vc_column][vc_column offset=\u00bbvc_col-lg-6 vc_col-md-6 vc_col-xs-12&#8243; css=\u00bb.vc_custom_1580036922737{padding-bottom: 30px !important;}\u00bb]<div id=\"ultimate-heading-951669fa48db6171f\" class=\"uvc-heading ult-adjust-bottom-margin ultimate-heading-951669fa48db6171f uvc-6685 accent-border-color\" data-hspacer=\"line_only\"  data-halign=\"left\" style=\"text-align:left\"><div class=\"uvc-main-heading ult-responsive\"  data-ultimate-target='.uvc-heading.ultimate-heading-951669fa48db6171f h2'  data-responsive-json-new='{\"font-size\":\"mobile_landscape:24px;\",\"line-height\":\"mobile_landscape:34px;\"}' ><h2 style=\"font-weight:bold;margin-bottom:20px;\">Juegos Cl\u00e1sicos<\/h2><\/div><div class=\"uvc-heading-spacer line_only\" style=\"margin-bottom:30px;height:3px;\"><span class=\"uvc-headings-line\" style=\"border-style:solid;border-bottom-width:3px;border-color:;width:150px;\"><\/span><\/div><\/div>[vc_column_text css=\u00bb.vc_custom_1762378192176{padding-bottom: 20px !important;}\u00bb]Lleva la diversi\u00f3n de siempre a tu evento con nuestros juegos cl\u00e1sicos: Taca Taca, Air Hockey, Jenga XL y Lanzamiento de Sacos. Perfectos para todas las edades, estos juegos promueven la interacci\u00f3n, la competencia amistosa y momentos inolvidables entre invitados. Ideales para eventos familiares, corporativos y celebraciones escolares, entregados con excelente presentaci\u00f3n y mantenci\u00f3n para garantizar entretenimiento seguro y de calidad.[\/vc_column_text]<style type=\"text\/css\" data-type=\"the7_shortcodes-inline-css\">#default-btn-0405262c5a68e5fe74133070ea76fb49.ico-right-side > i {\n  margin-right: 0px;\n  margin-left: 5px;\n}\n#default-btn-0405262c5a68e5fe74133070ea76fb49 > i {\n  margin-right: 5px;\n}<\/style><a href=\"https:\/\/www.surgames.cl\/wp-content\/uploads\/2025\/11\/Surgames-Catalogo-Arriendo-de-juegos-2025-2026.pdf-1.pdf\" class=\"default-btn-shortcode dt-btn dt-btn-s link-hover-off ico-right-side btn-inline-left \" target=\"_blank\" id=\"default-btn-0405262c5a68e5fe74133070ea76fb49\" title=\"Service \u2013 single page\" rel=\"noopener\"><span>Ver Cat\u00e1logo<\/span><i class=\"icomoon-the7-font-the7-arrow-09\"><\/i><\/a>[\/vc_column][\/vc_row][vc_row equal_height=\u00bbyes\u00bb content_placement=\u00bbmiddle\u00bb css=\u00bb.vc_custom_1580036908275{padding-bottom: 50px !important;}\u00bb][vc_column css=\u00bb.vc_custom_1580055511046{padding-bottom: 30px !important;}\u00bb offset=\u00bbvc_col-lg-6 vc_col-md-6&#8243;]<style type=\"text\/css\" data-type=\"the7_shortcodes-inline-css\">.shortcode-single-image-wrap.shortcode-single-image-8afe6bb1b6218ce31fbeae8fd2f58050.enable-bg-rollover .rollover i,\n.shortcode-single-image-wrap.shortcode-single-image-8afe6bb1b6218ce31fbeae8fd2f58050.enable-bg-rollover .rollover-video i {\n  background: -webkit-linear-gradient();\n  background: linear-gradient();\n}\n.shortcode-single-image-wrap.shortcode-single-image-8afe6bb1b6218ce31fbeae8fd2f58050 .rollover-icon {\n  font-size: 32px;\n  color: #ffffff;\n  min-width: 44px;\n  min-height: 44px;\n  line-height: 44px;\n  border-radius: 100px;\n  border-style: solid;\n  border-width: 0px;\n}\n.dt-icon-bg-on.shortcode-single-image-wrap.shortcode-single-image-8afe6bb1b6218ce31fbeae8fd2f58050 .rollover-icon {\n  background: rgba(255,255,255,0.3);\n  box-shadow: none;\n}<\/style><div class=\"shortcode-single-image-wrap shortcode-single-image-8afe6bb1b6218ce31fbeae8fd2f58050 alignnone  enable-bg-rollover dt-icon-bg-off\" style=\"margin-top:0px; margin-bottom:0px; margin-left:0px; margin-right:0px; width:1200px;\"><div class=\"shortcode-single-image\"><div class=\"fancy-media-wrap  layzr-bg\" style=\"\"><img decoding=\"async\" class=\"preload-me lazy-load aspect\" src=\"data:image\/svg+xml,%3Csvg%20xmlns%3D&#39;http%3A%2F%2Fwww.w3.org%2F2000%2Fsvg&#39;%20viewBox%3D&#39;0%200%20900%20675&#39;%2F%3E\" data-src=\"https:\/\/www.surgames.cl\/wp-content\/uploads\/2025\/11\/Rayuela-3-900x675.jpg\" data-srcset=\"https:\/\/www.surgames.cl\/wp-content\/uploads\/2025\/11\/Rayuela-3-900x675.jpg 900w\" loading=\"eager\" sizes=\"(max-width: 900px) 100vw, 900px\" width=\"900\" height=\"675\"  data-dt-location=\"https:\/\/www.surgames.cl\/index.php\/servicios\/rayuela-3\/\" style=\"--ratio: 900 \/ 675;\" alt=\"\" \/><\/div><\/div><\/div>[\/vc_column][vc_column offset=\u00bbvc_col-lg-6 vc_col-md-6 vc_col-xs-12&#8243; css=\u00bb.vc_custom_1580055517260{padding-bottom: 30px !important;}\u00bb]<div id=\"ultimate-heading-646669fa48db61b70\" class=\"uvc-heading ult-adjust-bottom-margin ultimate-heading-646669fa48db61b70 uvc-4764 accent-border-color\" data-hspacer=\"line_only\"  data-halign=\"left\" style=\"text-align:left\"><div class=\"uvc-main-heading ult-responsive\"  data-ultimate-target='.uvc-heading.ultimate-heading-646669fa48db61b70 h2'  data-responsive-json-new='{\"font-size\":\"mobile_landscape:24px;\",\"line-height\":\"mobile_landscape:34px;\"}' ><h2 style=\"font-weight:bold;margin-bottom:15px;\">Juegos t\u00edpicos Chilenos<\/h2><\/div><div class=\"uvc-heading-spacer line_only\" style=\"margin-bottom:30px;height:3px;\"><span class=\"uvc-headings-line\" style=\"border-style:solid;border-bottom-width:3px;border-color:;width:150px;\"><\/span><\/div><\/div>[vc_column_text css=\u00bb.vc_custom_1762378047630{padding-bottom: 20px !important;}\u00bb]Celebra nuestras tradiciones con juegos t\u00edpicos que encantan a grandes y chicos: Juego de la Rana, Rayuela y Lanzamiento de Sacos. Perfectos para actividades familiares, fiestas patrias, eventos escolares y corporativos, estos cl\u00e1sicos fomentan la cultura, la diversi\u00f3n y la sana competencia. Todos nuestros juegos se entregan en excelente estado, listos para vivir momentos llenos de identidad y alegr\u00eda chilena.[\/vc_column_text]<style type=\"text\/css\" data-type=\"the7_shortcodes-inline-css\">#default-btn-0405262c5a68e5fe74133070ea76fb49.ico-right-side > i {\n  margin-right: 0px;\n  margin-left: 5px;\n}\n#default-btn-0405262c5a68e5fe74133070ea76fb49 > i {\n  margin-right: 5px;\n}<\/style><a href=\"https:\/\/www.surgames.cl\/wp-content\/uploads\/2025\/11\/Surgames-Catalogo-Arriendo-de-juegos-2025-2026.pdf-1.pdf\" class=\"default-btn-shortcode dt-btn dt-btn-s link-hover-off ico-right-side btn-inline-left \" target=\"_blank\" id=\"default-btn-0405262c5a68e5fe74133070ea76fb49\" title=\"Service \u2013 single page\" rel=\"noopener\"><span>Ver Cat\u00e1logo<\/span><i class=\"icomoon-the7-font-the7-arrow-09\"><\/i><\/a>[\/vc_column][\/vc_row][vc_row equal_height=\u00bbyes\u00bb content_placement=\u00bbmiddle\u00bb css=\u00bb.vc_custom_1580036908275{padding-bottom: 50px !important;}\u00bb][vc_column css=\u00bb.vc_custom_1580055511046{padding-bottom: 30px !important;}\u00bb offset=\u00bbvc_col-lg-6 vc_col-md-6&#8243;]<style type=\"text\/css\" data-type=\"the7_shortcodes-inline-css\">.shortcode-single-image-wrap.shortcode-single-image-b30c6b99d6ebb556cefe83f8076c764f.enable-bg-rollover .rollover i,\n.shortcode-single-image-wrap.shortcode-single-image-b30c6b99d6ebb556cefe83f8076c764f.enable-bg-rollover .rollover-video i {\n  background: -webkit-linear-gradient();\n  background: linear-gradient();\n}\n.shortcode-single-image-wrap.shortcode-single-image-b30c6b99d6ebb556cefe83f8076c764f .rollover-icon {\n  font-size: 32px;\n  color: #ffffff;\n  min-width: 44px;\n  min-height: 44px;\n  line-height: 44px;\n  border-radius: 100px;\n  border-style: solid;\n  border-width: 0px;\n}\n.dt-icon-bg-on.shortcode-single-image-wrap.shortcode-single-image-b30c6b99d6ebb556cefe83f8076c764f .rollover-icon {\n  background: rgba(255,255,255,0.3);\n  box-shadow: none;\n}<\/style><div class=\"shortcode-single-image-wrap shortcode-single-image-b30c6b99d6ebb556cefe83f8076c764f alignnone  enable-bg-rollover dt-icon-bg-off\" style=\"margin-top:0px; margin-bottom:0px; margin-left:0px; margin-right:0px; width:1200px;\"><div class=\"shortcode-single-image\"><div class=\"fancy-media-wrap  layzr-bg\" style=\"\"><img decoding=\"async\" class=\"preload-me lazy-load aspect\" src=\"data:image\/svg+xml,%3Csvg%20xmlns%3D&#39;http%3A%2F%2Fwww.w3.org%2F2000%2Fsvg&#39;%20viewBox%3D&#39;0%200%20864%20648&#39;%2F%3E\" data-src=\"https:\/\/www.surgames.cl\/wp-content\/uploads\/2025\/11\/Gemini_Generated_Image_op3fwhop3fwhop3f-copia-864x648.jpg\" data-srcset=\"https:\/\/www.surgames.cl\/wp-content\/uploads\/2025\/11\/Gemini_Generated_Image_op3fwhop3fwhop3f-copia-864x648.jpg 864w\" loading=\"eager\" sizes=\"(max-width: 864px) 100vw, 864px\" width=\"864\" height=\"648\"  data-dt-location=\"https:\/\/www.surgames.cl\/index.php\/servicios\/gemini_generated_image_op3fwhop3fwhop3f-copia\/\" style=\"--ratio: 864 \/ 648;\" alt=\"\" \/><\/div><\/div><\/div>[\/vc_column][vc_column offset=\u00bbvc_col-lg-6 vc_col-md-6 vc_col-xs-12&#8243; css=\u00bb.vc_custom_1580055517260{padding-bottom: 30px !important;}\u00bb]<div id=\"ultimate-heading-984869fa48db61ee4\" class=\"uvc-heading ult-adjust-bottom-margin ultimate-heading-984869fa48db61ee4 uvc-2939 accent-border-color\" data-hspacer=\"line_only\"  data-halign=\"left\" style=\"text-align:left\"><div class=\"uvc-main-heading ult-responsive\"  data-ultimate-target='.uvc-heading.ultimate-heading-984869fa48db61ee4 h2'  data-responsive-json-new='{\"font-size\":\"mobile_landscape:24px;\",\"line-height\":\"mobile_landscape:34px;\"}' ><h2 style=\"font-weight:bold;margin-bottom:15px;\">Servicios adicionales<\/h2><\/div><div class=\"uvc-heading-spacer line_only\" style=\"margin-bottom:30px;height:3px;\"><span class=\"uvc-headings-line\" style=\"border-style:solid;border-bottom-width:3px;border-color:;width:150px;\"><\/span><\/div><\/div>[vc_column_text css=\u00bb.vc_custom_1762378146442{padding-bottom: 20px !important;}\u00bb]Complementa tu evento con nuestros servicios extras que elevan la diversi\u00f3n y comodidad: Stand de palomitas y algod\u00f3n de az\u00facar para endulzar la jornada, m\u00e1quina de burbujas para crear un ambiente m\u00e1gico y entretenido, y monitores especializados que velan por la seguridad y el disfrute de los ni\u00f1os. Una combinaci\u00f3n perfecta para hacer de tu celebraci\u00f3n una experiencia inolvidable, segura y llena de sonrisas.[\/vc_column_text]<style type=\"text\/css\" data-type=\"the7_shortcodes-inline-css\">#default-btn-0405262c5a68e5fe74133070ea76fb49.ico-right-side > i {\n  margin-right: 0px;\n  margin-left: 5px;\n}\n#default-btn-0405262c5a68e5fe74133070ea76fb49 > i {\n  margin-right: 5px;\n}<\/style><a href=\"https:\/\/www.surgames.cl\/wp-content\/uploads\/2025\/11\/Surgames-Catalogo-Arriendo-de-juegos-2025-2026.pdf-1.pdf\" class=\"default-btn-shortcode dt-btn dt-btn-s link-hover-off ico-right-side btn-inline-left \" target=\"_blank\" id=\"default-btn-0405262c5a68e5fe74133070ea76fb49\" title=\"Service \u2013 single page\" rel=\"noopener\"><span>Ver Cat\u00e1logo<\/span><i class=\"icomoon-the7-font-the7-arrow-09\"><\/i><\/a>[\/vc_column][\/vc_row][vc_row equal_height=\u00bbyes\u00bb content_placement=\u00bbmiddle\u00bb bg_type=\u00bbimage\u00bb parallax_style=\u00bbvcpb-default\u00bb bg_image_new=\u00bbid^3076|url^https:\/\/www.surgames.cl\/wp-content\/uploads\/2025\/11\/banner-2.jpg|caption^null|alt^null|title^banner|description^null\u00bb bg_image_repeat=\u00bbno-repeat\u00bb bg_override=\u00bbex-full\u00bb css=\u00bb.vc_custom_1762379664663{padding-top: 60px !important;padding-bottom: 30px !important;}\u00bb][vc_column width=\u00bb2\/3&#8243; css=\u00bb.vc_custom_1762398692887{padding-bottom: 30px !important;}\u00bb offset=\u00bbvc_col-lg-6 vc_col-md-6&#8243;][vc_single_image image=\u00bb3217&#8243; img_size=\u00bbfull\u00bb css=\u00bb\u00bb][\/vc_column][vc_column width=\u00bb1\/3&#8243; css=\u00bb.vc_custom_1762398716519{padding-bottom: 30px !important;}\u00bb offset=\u00bbvc_col-lg-6 vc_col-md-6&#8243;][vc_single_image image=\u00bb3218&#8243; img_size=\u00bbfull\u00bb css=\u00bb\u00bb][\/vc_column][\/vc_row]<\/p>\n<\/div>","protected":false},"excerpt":{"rendered":"<p>[vc_row equal_height=\u00bbyes\u00bb content_placement=\u00bbmiddle\u00bb css=\u00bb.vc_custom_1580036981639{padding-top: 80px !important;padding-bottom: 50px !important;}\u00bb][vc_column offset=\u00bbvc_col-lg-6 vc_col-md-6 vc_col-xs-12&#8243; css=\u00bb.vc_custom_1762379840679{padding-bottom: 30px !important;}\u00bb][\/vc_column][vc_column offset=\u00bbvc_col-lg-6 vc_col-md-6 vc_col-xs-12&#8243; css=\u00bb.vc_custom_1580036724999{padding-bottom: 30px !important;}\u00bb][vc_column_text css=\u00bb.vc_custom_1762377943944{padding-bottom: 20px !important;}\u00bb]Contamos con un cat\u00e1logo de 6 juegos inflables que se adaptan a todo tipo de eventos y edades, desde los m\u00e1s peque\u00f1os hasta los m\u00e1s aventureros. Disponemos de modelos que van desde tama\u00f1os&hellip;<\/p>\n","protected":false},"author":1,"featured_media":0,"parent":0,"menu_order":16,"comment_status":"closed","ping_status":"closed","template":"","meta":{"footnotes":""},"class_list":["post-90","page","type-page","status-publish","hentry","description-off"],"_links":{"self":[{"href":"https:\/\/www.surgames.cl\/index.php\/wp-json\/wp\/v2\/pages\/90","targetHints":{"allow":["GET"]}}],"collection":[{"href":"https:\/\/www.surgames.cl\/index.php\/wp-json\/wp\/v2\/pages"}],"about":[{"href":"https:\/\/www.surgames.cl\/index.php\/wp-json\/wp\/v2\/types\/page"}],"author":[{"embeddable":true,"href":"https:\/\/www.surgames.cl\/index.php\/wp-json\/wp\/v2\/users\/1"}],"replies":[{"embeddable":true,"href":"https:\/\/www.surgames.cl\/index.php\/wp-json\/wp\/v2\/comments?post=90"}],"version-history":[{"count":8,"href":"https:\/\/www.surgames.cl\/index.php\/wp-json\/wp\/v2\/pages\/90\/revisions"}],"predecessor-version":[{"id":3252,"href":"https:\/\/www.surgames.cl\/index.php\/wp-json\/wp\/v2\/pages\/90\/revisions\/3252"}],"wp:attachment":[{"href":"https:\/\/www.surgames.cl\/index.php\/wp-json\/wp\/v2\/media?parent=90"}],"curies":[{"name":"wp","href":"https:\/\/api.w.org\/{rel}","templated":true}]}}